{"id":3278,"date":"2025-10-15T07:25:51","date_gmt":"2025-10-15T07:25:51","guid":{"rendered":"https:\/\/test.lulango.com\/eurodalian\/what-we-offer\/import-and-export-to-the-chinese-market\/"},"modified":"2025-10-23T07:47:12","modified_gmt":"2025-10-23T07:47:12","slug":"import-and-export-to-the-chinese-market","status":"publish","type":"page","link":"https:\/\/eurodalian.com\/en\/what-we-offer\/import-and-export-to-the-chinese-market\/","title":{"rendered":"Import and Export to the Chinese Market"},"content":{"rendered":"\n<div class=\"gb-element-7e0b7cca\">\n<div class=\"gb-element-eee4b903\">\n<h2 class=\"gb-text\">At Eurodalian, we design tailored strategies for import and export operations with China, ensuring security, efficiency, and regulatory compliance at every stage of the process.<\/h2>\n<\/div>\n<\/div>\n\n\n\n<div class=\"gb-element-e19f87a5\">\n<figure class=\"wp-block-image size-large\"><a href=\"https:\/\/myblog-ilpnjqtgst.live-website.com\/wp-content\/uploads\/2012\/10\/importar.jpg\"><img loading=\"lazy\" decoding=\"async\" width=\"1024\" height=\"437\" src=\"https:\/\/myblog-ilpnjqtgst.live-website.com\/wp-content\/uploads\/2012\/10\/importar-1024x437.jpg\" alt=\"\" class=\"wp-image-2727\" srcset=\"https:\/\/eurodalian.com\/wp-content\/uploads\/2012\/10\/importar-1024x437.jpg 1024w, https:\/\/eurodalian.com\/wp-content\/uploads\/2012\/10\/importar-300x128.jpg 300w, https:\/\/eurodalian.com\/wp-content\/uploads\/2012\/10\/importar.jpg 1170w\" sizes=\"auto, (max-width: 1024px) 100vw, 1024px\" \/><\/a><\/figure>\n<\/div>\n\n\n\n<div class=\"gb-element-a7049e4e\">\n<p><\/p>\n\n\n\n<p>Our services include:<\/p>\n\n\n\n<ul class=\"wp-block-list\">\n<li>Product feasibility study in the Chinese market<\/li>\n\n\n\n<li>Identification and verification of reliable suppliers<\/li>\n\n\n\n<li>Commercial and contractual negotiation<\/li>\n\n\n\n<li>International logistics and financial advisory<\/li>\n\n\n\n<li>Production supervision and quality control<\/li>\n\n\n\n<li>Customs management and regulatory compliance<\/li>\n\n\n\n<li>Short- and medium-term strategic planning<\/li>\n\n\n\n<li>Assistance in trade fairs, conferences, and commercial missions<\/li>\n<\/ul>\n\n\n\n<p>With a strong network of contacts in Asia, we enable companies to competitively enter the Chinese market, reducing risks and optimizing results.<\/p>\n<\/div>\n\n\n\n<p><\/p>\n","protected":false},"excerpt":{"rendered":"<p>At Eurodalian, we design tailored strategies for import and export operations with China, ensuring security, efficiency, and regulatory compliance at every stage of the process. &#8230; <a title=\"Import and Export to the Chinese Market\" class=\"read-more\" href=\"https:\/\/eurodalian.com\/en\/what-we-offer\/import-and-export-to-the-chinese-market\/\" aria-label=\"Read more about Import and Export to the Chinese Market\">Read More<\/a><\/p>\n","protected":false},"author":1,"featured_media":0,"parent":3276,"menu_order":0,"comment_status":"closed","ping_status":"closed","template":"","meta":{"footnotes":""},"class_list":["post-3278","page","type-page","status-publish"],"yoast_head":"<!-- This site is optimized with the Yoast SEO plugin v26.9 - https:\/\/yoast.com\/product\/yoast-seo-wordpress\/ -->\n<title>Asesor\u00eda en importaci\u00f3n de acero chino | Eurodalian<\/title>\n<meta name=\"description\" content=\"Eurodalian puede ponerte en contacto con las principales acer\u00edas del sudeste asi\u00e1tico\" \/>\n<meta name=\"robots\" content=\"index, follow, max-snippet:-1, max-image-preview:large, max-video-preview:-1\" \/>\n<link rel=\"canonical\" href=\"https:\/\/eurodalian.com\/en\/what-we-offer\/import-and-export-to-the-chinese-market\/\" \/>\n<meta property=\"og:locale\" content=\"en_US\" \/>\n<meta property=\"og:type\" content=\"article\" \/>\n<meta property=\"og:title\" content=\"Asesor\u00eda en importaci\u00f3n de acero chino | Eurodalian\" \/>\n<meta property=\"og:description\" content=\"Eurodalian puede ponerte en contacto con las principales acer\u00edas del sudeste asi\u00e1tico\" \/>\n<meta property=\"og:url\" content=\"https:\/\/eurodalian.com\/en\/what-we-offer\/import-and-export-to-the-chinese-market\/\" \/>\n<meta property=\"og:site_name\" content=\"Eurodalian\" \/>\n<meta property=\"article:modified_time\" content=\"2025-10-23T07:47:12+00:00\" \/>\n<meta property=\"og:image\" content=\"https:\/\/myblog-ilpnjqtgst.live-website.com\/wp-content\/uploads\/2012\/10\/importar-1024x437.jpg\" \/>\n<meta name=\"twitter:label1\" content=\"Est. reading time\" \/>\n\t<meta name=\"twitter:data1\" content=\"1 minute\" \/>\n<script type=\"application\/ld+json\" class=\"yoast-schema-graph\">{\"@context\":\"https:\/\/schema.org\",\"@graph\":[{\"@type\":\"WebPage\",\"@id\":\"https:\/\/eurodalian.com\/en\/what-we-offer\/import-and-export-to-the-chinese-market\/\",\"url\":\"https:\/\/eurodalian.com\/en\/what-we-offer\/import-and-export-to-the-chinese-market\/\",\"name\":\"Asesor\u00eda en importaci\u00f3n de acero chino | Eurodalian\",\"isPartOf\":{\"@id\":\"https:\/\/eurodalian.com\/en\/#website\"},\"primaryImageOfPage\":{\"@id\":\"https:\/\/eurodalian.com\/en\/what-we-offer\/import-and-export-to-the-chinese-market\/#primaryimage\"},\"image\":{\"@id\":\"https:\/\/eurodalian.com\/en\/what-we-offer\/import-and-export-to-the-chinese-market\/#primaryimage\"},\"thumbnailUrl\":\"https:\/\/myblog-ilpnjqtgst.live-website.com\/wp-content\/uploads\/2012\/10\/importar-1024x437.jpg\",\"datePublished\":\"2025-10-15T07:25:51+00:00\",\"dateModified\":\"2025-10-23T07:47:12+00:00\",\"description\":\"Eurodalian puede ponerte en contacto con las principales acer\u00edas del sudeste asi\u00e1tico\",\"breadcrumb\":{\"@id\":\"https:\/\/eurodalian.com\/en\/what-we-offer\/import-and-export-to-the-chinese-market\/#breadcrumb\"},\"inLanguage\":\"en-US\",\"potentialAction\":[{\"@type\":\"ReadAction\",\"target\":[\"https:\/\/eurodalian.com\/en\/what-we-offer\/import-and-export-to-the-chinese-market\/\"]}]},{\"@type\":\"ImageObject\",\"inLanguage\":\"en-US\",\"@id\":\"https:\/\/eurodalian.com\/en\/what-we-offer\/import-and-export-to-the-chinese-market\/#primaryimage\",\"url\":\"https:\/\/myblog-ilpnjqtgst.live-website.com\/wp-content\/uploads\/2012\/10\/importar-1024x437.jpg\",\"contentUrl\":\"https:\/\/myblog-ilpnjqtgst.live-website.com\/wp-content\/uploads\/2012\/10\/importar-1024x437.jpg\"},{\"@type\":\"BreadcrumbList\",\"@id\":\"https:\/\/eurodalian.com\/en\/what-we-offer\/import-and-export-to-the-chinese-market\/#breadcrumb\",\"itemListElement\":[{\"@type\":\"ListItem\",\"position\":1,\"name\":\"Home\",\"item\":\"https:\/\/eurodalian.com\/en\/\"},{\"@type\":\"ListItem\",\"position\":2,\"name\":\"What We Offer\",\"item\":\"https:\/\/eurodalian.com\/en\/what-we-offer\/\"},{\"@type\":\"ListItem\",\"position\":3,\"name\":\"Import and Export to the Chinese Market\"}]},{\"@type\":\"WebSite\",\"@id\":\"https:\/\/eurodalian.com\/en\/#website\",\"url\":\"https:\/\/eurodalian.com\/en\/\",\"name\":\"Eurodalian\",\"description\":\"\",\"publisher\":{\"@id\":\"https:\/\/eurodalian.com\/en\/#organization\"},\"potentialAction\":[{\"@type\":\"SearchAction\",\"target\":{\"@type\":\"EntryPoint\",\"urlTemplate\":\"https:\/\/eurodalian.com\/en\/?s={search_term_string}\"},\"query-input\":{\"@type\":\"PropertyValueSpecification\",\"valueRequired\":true,\"valueName\":\"search_term_string\"}}],\"inLanguage\":\"en-US\"},{\"@type\":\"Organization\",\"@id\":\"https:\/\/eurodalian.com\/en\/#organization\",\"name\":\"Eurodalian\",\"url\":\"https:\/\/eurodalian.com\/en\/\",\"logo\":{\"@type\":\"ImageObject\",\"inLanguage\":\"en-US\",\"@id\":\"https:\/\/eurodalian.com\/en\/#\/schema\/logo\/image\/\",\"url\":\"https:\/\/eurodalian.com\/wp-content\/uploads\/2026\/02\/logoV4Ing-1.png\",\"contentUrl\":\"https:\/\/eurodalian.com\/wp-content\/uploads\/2026\/02\/logoV4Ing-1.png\",\"width\":230,\"height\":59,\"caption\":\"Eurodalian\"},\"image\":{\"@id\":\"https:\/\/eurodalian.com\/en\/#\/schema\/logo\/image\/\"}}]}<\/script>\n<!-- \/ Yoast SEO plugin. -->","yoast_head_json":{"title":"Asesor\u00eda en importaci\u00f3n de acero chino | Eurodalian","description":"Eurodalian puede ponerte en contacto con las principales acer\u00edas del sudeste asi\u00e1tico","robots":{"index":"index","follow":"follow","max-snippet":"max-snippet:-1","max-image-preview":"max-image-preview:large","max-video-preview":"max-video-preview:-1"},"canonical":"https:\/\/eurodalian.com\/en\/what-we-offer\/import-and-export-to-the-chinese-market\/","og_locale":"en_US","og_type":"article","og_title":"Asesor\u00eda en importaci\u00f3n de acero chino | Eurodalian","og_description":"Eurodalian puede ponerte en contacto con las principales acer\u00edas del sudeste asi\u00e1tico","og_url":"https:\/\/eurodalian.com\/en\/what-we-offer\/import-and-export-to-the-chinese-market\/","og_site_name":"Eurodalian","article_modified_time":"2025-10-23T07:47:12+00:00","og_image":[{"url":"https:\/\/myblog-ilpnjqtgst.live-website.com\/wp-content\/uploads\/2012\/10\/importar-1024x437.jpg","type":"","width":"","height":""}],"twitter_misc":{"Est. reading time":"1 minute"},"schema":{"@context":"https:\/\/schema.org","@graph":[{"@type":"WebPage","@id":"https:\/\/eurodalian.com\/en\/what-we-offer\/import-and-export-to-the-chinese-market\/","url":"https:\/\/eurodalian.com\/en\/what-we-offer\/import-and-export-to-the-chinese-market\/","name":"Asesor\u00eda en importaci\u00f3n de acero chino | Eurodalian","isPartOf":{"@id":"https:\/\/eurodalian.com\/en\/#website"},"primaryImageOfPage":{"@id":"https:\/\/eurodalian.com\/en\/what-we-offer\/import-and-export-to-the-chinese-market\/#primaryimage"},"image":{"@id":"https:\/\/eurodalian.com\/en\/what-we-offer\/import-and-export-to-the-chinese-market\/#primaryimage"},"thumbnailUrl":"https:\/\/myblog-ilpnjqtgst.live-website.com\/wp-content\/uploads\/2012\/10\/importar-1024x437.jpg","datePublished":"2025-10-15T07:25:51+00:00","dateModified":"2025-10-23T07:47:12+00:00","description":"Eurodalian puede ponerte en contacto con las principales acer\u00edas del sudeste asi\u00e1tico","breadcrumb":{"@id":"https:\/\/eurodalian.com\/en\/what-we-offer\/import-and-export-to-the-chinese-market\/#breadcrumb"},"inLanguage":"en-US","potentialAction":[{"@type":"ReadAction","target":["https:\/\/eurodalian.com\/en\/what-we-offer\/import-and-export-to-the-chinese-market\/"]}]},{"@type":"ImageObject","inLanguage":"en-US","@id":"https:\/\/eurodalian.com\/en\/what-we-offer\/import-and-export-to-the-chinese-market\/#primaryimage","url":"https:\/\/myblog-ilpnjqtgst.live-website.com\/wp-content\/uploads\/2012\/10\/importar-1024x437.jpg","contentUrl":"https:\/\/myblog-ilpnjqtgst.live-website.com\/wp-content\/uploads\/2012\/10\/importar-1024x437.jpg"},{"@type":"BreadcrumbList","@id":"https:\/\/eurodalian.com\/en\/what-we-offer\/import-and-export-to-the-chinese-market\/#breadcrumb","itemListElement":[{"@type":"ListItem","position":1,"name":"Home","item":"https:\/\/eurodalian.com\/en\/"},{"@type":"ListItem","position":2,"name":"What We Offer","item":"https:\/\/eurodalian.com\/en\/what-we-offer\/"},{"@type":"ListItem","position":3,"name":"Import and Export to the Chinese Market"}]},{"@type":"WebSite","@id":"https:\/\/eurodalian.com\/en\/#website","url":"https:\/\/eurodalian.com\/en\/","name":"Eurodalian","description":"","publisher":{"@id":"https:\/\/eurodalian.com\/en\/#organization"},"potentialAction":[{"@type":"SearchAction","target":{"@type":"EntryPoint","urlTemplate":"https:\/\/eurodalian.com\/en\/?s={search_term_string}"},"query-input":{"@type":"PropertyValueSpecification","valueRequired":true,"valueName":"search_term_string"}}],"inLanguage":"en-US"},{"@type":"Organization","@id":"https:\/\/eurodalian.com\/en\/#organization","name":"Eurodalian","url":"https:\/\/eurodalian.com\/en\/","logo":{"@type":"ImageObject","inLanguage":"en-US","@id":"https:\/\/eurodalian.com\/en\/#\/schema\/logo\/image\/","url":"https:\/\/eurodalian.com\/wp-content\/uploads\/2026\/02\/logoV4Ing-1.png","contentUrl":"https:\/\/eurodalian.com\/wp-content\/uploads\/2026\/02\/logoV4Ing-1.png","width":230,"height":59,"caption":"Eurodalian"},"image":{"@id":"https:\/\/eurodalian.com\/en\/#\/schema\/logo\/image\/"}}]}},"_links":{"self":[{"href":"https:\/\/eurodalian.com\/en\/wp-json\/wp\/v2\/pages\/3278","targetHints":{"allow":["GET"]}}],"collection":[{"href":"https:\/\/eurodalian.com\/en\/wp-json\/wp\/v2\/pages"}],"about":[{"href":"https:\/\/eurodalian.com\/en\/wp-json\/wp\/v2\/types\/page"}],"author":[{"embeddable":true,"href":"https:\/\/eurodalian.com\/en\/wp-json\/wp\/v2\/users\/1"}],"replies":[{"embeddable":true,"href":"https:\/\/eurodalian.com\/en\/wp-json\/wp\/v2\/comments?post=3278"}],"version-history":[{"count":3,"href":"https:\/\/eurodalian.com\/en\/wp-json\/wp\/v2\/pages\/3278\/revisions"}],"predecessor-version":[{"id":3534,"href":"https:\/\/eurodalian.com\/en\/wp-json\/wp\/v2\/pages\/3278\/revisions\/3534"}],"up":[{"embeddable":true,"href":"https:\/\/eurodalian.com\/en\/wp-json\/wp\/v2\/pages\/3276"}],"wp:attachment":[{"href":"https:\/\/eurodalian.com\/en\/wp-json\/wp\/v2\/media?parent=3278"}],"curies":[{"name":"wp","href":"https:\/\/api.w.org\/{rel}","templated":true}]}}